{"id":11436,"date":"2023-11-23T17:00:19","date_gmt":"2023-11-23T16:00:19","guid":{"rendered":"https:\/\/odvjetnik-manola.hr\/o-nama\/"},"modified":"2024-06-06T00:51:46","modified_gmt":"2024-06-05T22:51:46","slug":"about-us","status":"publish","type":"page","link":"https:\/\/odvjetnik-manola.hr\/en\/about-us\/","title":{"rendered":"About us"},"content":{"rendered":"\t\t<div data-elementor-type=\"wp-page\" data-elementor-id=\"11436\" class=\"elementor elementor-11436 elementor-10488\">\n\t\t\t\t        <section class=\"elementor-section elementor-top-section elementor-element elementor-element-0c1b880 elementor-section-boxed elementor-section-height-default elementor-section-height-default pxl-shape-divider-none\" data-id=\"0c1b880\" data-element_type=\"section\" data-e-type=\"section\">\n\n                \n                <div class=\"elementor-container elementor-column-gap-default \">\n                <div class=\"elementor-column elementor-col-100 elementor-top-column elementor-element elementor-element-a56d948 pxl-column-element-default\" data-id=\"a56d948\" data-element_type=\"column\" data-e-type=\"column\">\r\n        <div class=\"elementor-widget-wrap elementor-element-populated\">\r\n                    \t\t<div class=\"elementor-element elementor-element-5046e04 pxl-heading-layout-1 elementor-widget elementor-widget-pxl_heading\" data-id=\"5046e04\" data-element_type=\"widget\" data-e-type=\"widget\" data-widget_type=\"pxl_heading.default\">\n\t\t\t\t<div class=\"elementor-widget-container\">\n\t\t\t\t\t<div class=\"pxl-heading-wrap d-flex layout1\">\n    <div class=\"pxl-heading-inner center\">\n                    <div class=\"heading-subtitle\">\n                <span>Law Office Manola<\/span>\n            <\/div>\n        \n        <h2 class=\"heading-title\">\n            <span >\n                Marin Manola law firm is Croatia based law firm. From the firm\u2019s office in Buzet and Rijeka, our office serves a diverse client base with respect to matters involving domestic and international issues.            <\/span>\n                    <\/h2>\n\n            <\/div>\n<\/div>\n\n\t\t\t\t<\/div>\n\t\t\t\t<\/div>\n\t\t\t\t<div class=\"elementor-element elementor-element-96eeb01 elementor-widget elementor-widget-pxl_text_editor\" data-id=\"96eeb01\" data-element_type=\"widget\" data-e-type=\"widget\" data-widget_type=\"pxl_text_editor.default\">\n\t\t\t\t<div class=\"elementor-widget-container\">\n\t\t\t\t\t<div id=\"pxl_text_editor-96eeb01-1562\" class=\"pxl-text-editor-wrap d-flex\" >\n\t<div class=\"pxl-text-editor elementor-clearfix\">\n        <p>Marin Manola law firm is Croatia based law firm. From the firm\u2019s office in Buzet and Rijeka, our office serves a diverse client base with respect to matters involving domestic and international issues.<\/p><p>Manola law firm distinguishes itself not by its size, but by our passion for client service. We understand that clients have alternatives when it comes to legal service and that we have to earn your business and referrals each and every day.<\/p><p>Manola law firm is not your typical law firm because we are not typical attorney\u2019s; many of us chose the legal profession as a second career. Our experience is different so our perspective is different too. Our firm understands the intrinsic structure of business and refers to a real world knowledge to resolve your legal issues.<\/p><p>When approaching your case, we will analyze what must be done to answer both your legal and business problems. When working on business transactions, we will actively look for details that you may have missed. Legal documents are never incomplete, protecting your business against the liabilities a loophole may open.<\/p><p>At Manola law office, we clearly outline the structure of your case and walk you trough your entire transaction from start to finish. Our law firm is committed to achieving positive results.<\/p><p>You can reach us in our office in Buzet, Ul. II Istarske Brigade 2, by making prior appointment.<\/p>\t<\/div>\n<\/div>\t\t\t\t<\/div>\n\t\t\t\t<\/div>\n\t\t                    <\/div>\r\n        <\/div>\r\n        \t\t\t<\/div>\n\t\t<\/section>\n\t\t        <section class=\"elementor-section elementor-top-section elementor-element elementor-element-029333b elementor-section-boxed elementor-section-height-default elementor-section-height-default pxl-shape-divider-none\" data-id=\"029333b\" data-element_type=\"section\" data-e-type=\"section\">\n\n                \n                <div class=\"elementor-container elementor-column-gap-default \">\n                <div class=\"elementor-column elementor-col-50 elementor-top-column elementor-element elementor-element-6e6be32 pxl-column-element-default\" data-id=\"6e6be32\" data-element_type=\"column\" data-e-type=\"column\">\r\n        <div class=\"elementor-widget-wrap elementor-element-populated\">\r\n                    \t\t<div class=\"elementor-element elementor-element-713ff7f flash-hover elementor-widget elementor-widget-image\" data-id=\"713ff7f\" data-element_type=\"widget\" data-e-type=\"widget\" data-widget_type=\"image.default\">\n\t\t\t\t<div class=\"elementor-widget-container\">\n\t\t\t\t\t\t\t\t\t\t\t\t\t\t\t<img fetchpriority=\"high\" decoding=\"async\" width=\"768\" height=\"498\" src=\"https:\/\/odvjetnik-manola.hr\/wp-content\/uploads\/2024\/03\/lawoffice-istria-buzet-02.webp\" class=\"attachment-full size-full wp-image-12067\" alt=\"\" srcset=\"https:\/\/odvjetnik-manola.hr\/wp-content\/uploads\/2024\/03\/lawoffice-istria-buzet-02.webp 768w, https:\/\/odvjetnik-manola.hr\/wp-content\/uploads\/2024\/03\/lawoffice-istria-buzet-02-300x195.webp 300w\" sizes=\"(max-width: 768px) 100vw, 768px\" \/>\t\t\t\t\t\t\t\t\t\t\t\t\t\t\t<\/div>\n\t\t\t\t<\/div>\n\t\t                    <\/div>\r\n        <\/div>\r\n                <div class=\"elementor-column elementor-col-50 elementor-top-column elementor-element elementor-element-d888fd6 pxl-column-element-default\" data-id=\"d888fd6\" data-element_type=\"column\" data-e-type=\"column\" data-settings=\"{&quot;background_background&quot;:&quot;classic&quot;}\">\r\n        <div class=\"elementor-widget-wrap\">\r\n                                        <\/div>\r\n        <\/div>\r\n        \t\t\t<\/div>\n\t\t<\/section>\n\t\t        <section class=\"elementor-section elementor-top-section elementor-element elementor-element-43830df elementor-section-boxed elementor-section-height-default elementor-section-height-default pxl-shape-divider-none\" data-id=\"43830df\" data-element_type=\"section\" data-e-type=\"section\">\n\n                \n                <div class=\"elementor-container elementor-column-gap-default \">\n                <div class=\"elementor-column elementor-col-100 elementor-top-column elementor-element elementor-element-a4d8f4c pxl-column-element-default\" data-id=\"a4d8f4c\" data-element_type=\"column\" data-e-type=\"column\">\r\n        <div class=\"elementor-widget-wrap elementor-element-populated\">\r\n                    \t\t<div class=\"elementor-element elementor-element-7662869 pxl-heading-layout-1 elementor-widget elementor-widget-pxl_heading\" data-id=\"7662869\" data-element_type=\"widget\" data-e-type=\"widget\" data-widget_type=\"pxl_heading.default\">\n\t\t\t\t<div class=\"elementor-widget-container\">\n\t\t\t\t\t<div class=\"pxl-heading-wrap d-flex layout1\">\n    <div class=\"pxl-heading-inner center\">\n                    <div class=\"heading-subtitle\">\n                <span>Law Office marin Manola<\/span>\n            <\/div>\n        \n        <h2 class=\"heading-title\">\n            <span >\n                Contact us with confidence : +385 98 625 777            <\/span>\n                    <\/h2>\n\n            <\/div>\n<\/div>\n\n\t\t\t\t<\/div>\n\t\t\t\t<\/div>\n\t\t\t\t<div class=\"elementor-element elementor-element-149811f elementor-widget elementor-widget-pxl_text_editor\" data-id=\"149811f\" data-element_type=\"widget\" data-e-type=\"widget\" data-widget_type=\"pxl_text_editor.default\">\n\t\t\t\t<div class=\"elementor-widget-container\">\n\t\t\t\t\t<div id=\"pxl_text_editor-149811f-3935\" class=\"pxl-text-editor-wrap d-flex\" >\n\t<div class=\"pxl-text-editor elementor-clearfix\">\n        <p>Po preuzimanju va\u0161eg predmeta analiziramo sve kako bi odgovorili svim va\u0161im poslovnim i pravnim zahtjevima. Kod poslovnih odnosa aktivno provjeravamo sve detalje koji su bitni ili su vam mogli promaknuti, te vam na taj na\u010din pru\u017eamo sigurnost u va\u0161em poslovanju.<\/p>\t<\/div>\n<\/div>\t\t\t\t<\/div>\n\t\t\t\t<\/div>\n\t\t\t\t<div class=\"elementor-element elementor-element-e4fbf9f elementor-widget-divider--view-line elementor-widget elementor-widget-divider\" data-id=\"e4fbf9f\" data-element_type=\"widget\" data-e-type=\"widget\" data-widget_type=\"divider.default\">\n\t\t\t\t<div class=\"elementor-widget-container\">\n\t\t\t\t\t\t\t<div class=\"elementor-divider\">\n\t\t\t<span class=\"elementor-divider-separator\">\n\t\t\t\t\t\t<\/span>\n\t\t<\/div>\n\t\t\t\t\t\t<\/div>\n\t\t\t\t<\/div>\n\t\t                    <\/div>\r\n        <\/div>\r\n        \t\t\t<\/div>\n\t\t<\/section>\n\t\t        <section class=\"elementor-section elementor-top-section elementor-element elementor-element-7137ef3e elementor-section-boxed elementor-section-height-default elementor-section-height-default pxl-shape-divider-none\" data-id=\"7137ef3e\" data-element_type=\"section\" data-e-type=\"section\" data-settings=\"{&quot;background_background&quot;:&quot;classic&quot;}\">\n\n                            <div class=\"elementor-background-overlay\"><\/div>\n            \n                <div class=\"elementor-container elementor-column-gap-default \">\n                <div class=\"elementor-column elementor-col-100 elementor-top-column elementor-element elementor-element-2ebfa08e pxl-column-element-default\" data-id=\"2ebfa08e\" data-element_type=\"column\" data-e-type=\"column\">\r\n        <div class=\"elementor-widget-wrap elementor-element-populated\">\r\n                    \t\t<div class=\"elementor-element elementor-element-5f5658ef pxl-heading-layout-1 elementor-widget elementor-widget-pxl_heading\" data-id=\"5f5658ef\" data-element_type=\"widget\" data-e-type=\"widget\" data-widget_type=\"pxl_heading.default\">\n\t\t\t\t<div class=\"elementor-widget-container\">\n\t\t\t\t\t<div class=\"pxl-heading-wrap d-flex layout1\">\n    <div class=\"pxl-heading-inner center\">\n        \n        <h2 class=\"heading-title\">\n            <span >\n                Areas of expertise<br \/>\n            <\/span>\n                    <\/h2>\n\n            <\/div>\n<\/div>\n\n\t\t\t\t<\/div>\n\t\t\t\t<\/div>\n\t\t\t\t<div class=\"elementor-element elementor-element-55142891 elementor-widget-divider--view-line elementor-widget elementor-widget-divider\" data-id=\"55142891\" data-element_type=\"widget\" data-e-type=\"widget\" data-widget_type=\"divider.default\">\n\t\t\t\t<div class=\"elementor-widget-container\">\n\t\t\t\t\t\t\t<div class=\"elementor-divider\">\n\t\t\t<span class=\"elementor-divider-separator\">\n\t\t\t\t\t\t<\/span>\n\t\t<\/div>\n\t\t\t\t\t\t<\/div>\n\t\t\t\t<\/div>\n\t\t                    <\/div>\r\n        <\/div>\r\n        \t\t\t<\/div>\n\t\t<\/section>\n\t\t        <section class=\"elementor-section elementor-top-section elementor-element elementor-element-72726088 elementor-section-boxed elementor-section-height-default elementor-section-height-default pxl-shape-divider-none\" data-id=\"72726088\" data-element_type=\"section\" data-e-type=\"section\" data-settings=\"{&quot;background_background&quot;:&quot;classic&quot;}\">\n\n                            <div class=\"elementor-background-overlay\"><\/div>\n            \n                <div class=\"elementor-container elementor-column-gap-default \">\n                <div class=\"elementor-column elementor-col-100 elementor-top-column elementor-element elementor-element-5e2582e pxl-column-element-default\" data-id=\"5e2582e\" data-element_type=\"column\" data-e-type=\"column\">\r\n        <div class=\"elementor-widget-wrap elementor-element-populated\">\r\n                    \t\t<div class=\"elementor-element elementor-element-fe6d561 elementor-widget elementor-widget-pxl_post_grid\" data-id=\"fe6d561\" data-element_type=\"widget\" data-e-type=\"widget\" data-widget_type=\"pxl_post_grid.default\">\n\t\t\t\t<div class=\"elementor-widget-container\">\n\t\t\t\t\t\r\n<div id=\"pxl_post_grid-fe6d561-9121\" class=\"pxl-grid pxl-practice-area-grid layout-pxl-practice-area-2\" data-layout-mode=\"fitRows\" data-start-page=\"1\" data-max-pages=\"1\" data-total=\"6\" data-perpage=\"6\" data-next-link=\"\">\r\n    <div class=\"pxl-grid-overlay\"><\/div>\r\n    \r\n    <div class=\"pxl-grid-inner pxl-grid-masonry row relative overflow-hidden animation-time\"> \r\n                <div class=\"grid-item col-xxl-4 col-xl-4 col-lg-6 col-md-6 col-sm-12 col-12  \" >\n            <div class=\"grid-item-inner\">\n                                    <div class=\"item-featured\">\n                        <a href=\"https:\/\/odvjetnik-manola.hr\/en\/areas-of-expertise\/real-estate-investments\/\"><img decoding=\"async\" width=\"1200\" height=\"800\" src=\"https:\/\/odvjetnik-manola.hr\/wp-content\/uploads\/2023\/11\/investicije-u-nekretnine.webp\" class=\"no-lazyload attachment-full\" alt=\"\" \/><\/a>\n                                                    <div class=\"area-icon-wrap\">\n                                <div class=\"area-icon\"><i class=\"fas fa-home\"><\/i><\/div>\n                            <\/div>\n                                                <\/div>\n                                <div class=\"item-content\">\n                    <div class=\"content-inner\">\n                        <h4 class=\"item-title\"><a href=\"https:\/\/odvjetnik-manola.hr\/en\/areas-of-expertise\/real-estate-investments\/\">Real estate investments<\/a><\/h4>\n                                                                            <div class=\"item-readmore pxl-button-wrapper\">\n                                <a class=\"btn-more\" href=\"https:\/\/odvjetnik-manola.hr\/en\/areas-of-expertise\/real-estate-investments\/\">\n                                    <span>SAZNAJTE VI\u0160E<\/span>\n                                    <i class=\"zmdi zmdi-long-arrow-right\"><\/i>\n                                <\/a>\n                            <\/div>\n                                            <\/div>\n                <\/div>\n            <\/div>\n        <\/div>\n            <div class=\"grid-item col-xxl-4 col-xl-4 col-lg-6 col-md-6 col-sm-12 col-12  \" >\n            <div class=\"grid-item-inner\">\n                                    <div class=\"item-featured\">\n                        <a href=\"https:\/\/odvjetnik-manola.hr\/en\/areas-of-expertise\/commercial-law\/\"><img decoding=\"async\" width=\"1200\" height=\"800\" src=\"https:\/\/odvjetnik-manola.hr\/wp-content\/uploads\/2023\/11\/trgovacko-pravo-1.jpg\" class=\"no-lazyload attachment-full\" alt=\"Trgova\u010dko pravo\" \/><\/a>\n                                                    <div class=\"area-icon-wrap\">\n                                <div class=\"area-icon\"><i class=\"zmdi zmdi-calendar-note\"><\/i><\/div>\n                            <\/div>\n                                                <\/div>\n                                <div class=\"item-content\">\n                    <div class=\"content-inner\">\n                        <h4 class=\"item-title\"><a href=\"https:\/\/odvjetnik-manola.hr\/en\/areas-of-expertise\/commercial-law\/\">Commercial law<\/a><\/h4>\n                                                                            <div class=\"item-readmore pxl-button-wrapper\">\n                                <a class=\"btn-more\" href=\"https:\/\/odvjetnik-manola.hr\/en\/areas-of-expertise\/commercial-law\/\">\n                                    <span>SAZNAJTE VI\u0160E<\/span>\n                                    <i class=\"zmdi zmdi-long-arrow-right\"><\/i>\n                                <\/a>\n                            <\/div>\n                                            <\/div>\n                <\/div>\n            <\/div>\n        <\/div>\n            <div class=\"grid-item col-xxl-4 col-xl-4 col-lg-6 col-md-6 col-sm-12 col-12  \" >\n            <div class=\"grid-item-inner\">\n                                    <div class=\"item-featured\">\n                        <a href=\"https:\/\/odvjetnik-manola.hr\/en\/areas-of-expertise\/civil-law\/\"><img loading=\"lazy\" decoding=\"async\" width=\"1200\" height=\"800\" src=\"https:\/\/odvjetnik-manola.hr\/wp-content\/uploads\/2023\/11\/gradjansko-pravo-1.webp\" class=\"no-lazyload attachment-full\" alt=\"Gra\u0111ansko pravo\" \/><\/a>\n                                                    <div class=\"area-icon-wrap\">\n                                <div class=\"area-icon\"><i class=\"fas fa-people-arrows\"><\/i><\/div>\n                            <\/div>\n                                                <\/div>\n                                <div class=\"item-content\">\n                    <div class=\"content-inner\">\n                        <h4 class=\"item-title\"><a href=\"https:\/\/odvjetnik-manola.hr\/en\/areas-of-expertise\/civil-law\/\">Civil law<\/a><\/h4>\n                                                                            <div class=\"item-readmore pxl-button-wrapper\">\n                                <a class=\"btn-more\" href=\"https:\/\/odvjetnik-manola.hr\/en\/areas-of-expertise\/civil-law\/\">\n                                    <span>SAZNAJTE VI\u0160E<\/span>\n                                    <i class=\"zmdi zmdi-long-arrow-right\"><\/i>\n                                <\/a>\n                            <\/div>\n                                            <\/div>\n                <\/div>\n            <\/div>\n        <\/div>\n            <div class=\"grid-item col-xxl-4 col-xl-4 col-lg-6 col-md-6 col-sm-12 col-12  \" >\n            <div class=\"grid-item-inner\">\n                                    <div class=\"item-featured\">\n                        <a href=\"https:\/\/odvjetnik-manola.hr\/en\/areas-of-expertise\/sports-law\/\"><img loading=\"lazy\" decoding=\"async\" width=\"1200\" height=\"800\" src=\"https:\/\/odvjetnik-manola.hr\/wp-content\/uploads\/2023\/11\/sportsko-pravo-1.webp\" class=\"no-lazyload attachment-full\" alt=\"Sportsko pravo\" \/><\/a>\n                                                    <div class=\"area-icon-wrap\">\n                                <div class=\"area-icon\"><i class=\"fas fa-volleyball-ball\"><\/i><\/div>\n                            <\/div>\n                                                <\/div>\n                                <div class=\"item-content\">\n                    <div class=\"content-inner\">\n                        <h4 class=\"item-title\"><a href=\"https:\/\/odvjetnik-manola.hr\/en\/areas-of-expertise\/sports-law\/\">Sports law<\/a><\/h4>\n                                                                            <div class=\"item-readmore pxl-button-wrapper\">\n                                <a class=\"btn-more\" href=\"https:\/\/odvjetnik-manola.hr\/en\/areas-of-expertise\/sports-law\/\">\n                                    <span>SAZNAJTE VI\u0160E<\/span>\n                                    <i class=\"zmdi zmdi-long-arrow-right\"><\/i>\n                                <\/a>\n                            <\/div>\n                                            <\/div>\n                <\/div>\n            <\/div>\n        <\/div>\n            <div class=\"grid-item col-xxl-4 col-xl-4 col-lg-6 col-md-6 col-sm-12 col-12  \" >\n            <div class=\"grid-item-inner\">\n                                    <div class=\"item-featured\">\n                        <a href=\"https:\/\/odvjetnik-manola.hr\/en\/areas-of-expertise\/property-land-registry-law\/\"><img loading=\"lazy\" decoding=\"async\" width=\"1200\" height=\"800\" src=\"https:\/\/odvjetnik-manola.hr\/wp-content\/uploads\/2023\/11\/zemljisno-knjizno-pravo.webp\" class=\"no-lazyload attachment-full\" alt=\"Zemlji\u0161no-knji\u017eno pravo\" \/><\/a>\n                                                    <div class=\"area-icon-wrap\">\n                                <div class=\"area-icon\"><i class=\"zmdi zmdi-landscape\"><\/i><\/div>\n                            <\/div>\n                                                <\/div>\n                                <div class=\"item-content\">\n                    <div class=\"content-inner\">\n                        <h4 class=\"item-title\"><a href=\"https:\/\/odvjetnik-manola.hr\/en\/areas-of-expertise\/property-land-registry-law\/\">Property \u2013 Land registry law<\/a><\/h4>\n                                                                            <div class=\"item-readmore pxl-button-wrapper\">\n                                <a class=\"btn-more\" href=\"https:\/\/odvjetnik-manola.hr\/en\/areas-of-expertise\/property-land-registry-law\/\">\n                                    <span>SAZNAJTE VI\u0160E<\/span>\n                                    <i class=\"zmdi zmdi-long-arrow-right\"><\/i>\n                                <\/a>\n                            <\/div>\n                                            <\/div>\n                <\/div>\n            <\/div>\n        <\/div>\n            <div class=\"grid-item col-xxl-4 col-xl-4 col-lg-6 col-md-6 col-sm-12 col-12  \" >\n            <div class=\"grid-item-inner\">\n                                    <div class=\"item-featured\">\n                        <a href=\"https:\/\/odvjetnik-manola.hr\/en\/areas-of-expertise\/tax-law\/\"><img loading=\"lazy\" decoding=\"async\" width=\"1200\" height=\"800\" src=\"https:\/\/odvjetnik-manola.hr\/wp-content\/uploads\/2023\/11\/porezno-pravo.webp\" class=\"no-lazyload attachment-full\" alt=\"Porezno pravo\" \/><\/a>\n                                                    <div class=\"area-icon-wrap\">\n                                <div class=\"area-icon\"><i class=\"fas fa-chart-line\"><\/i><\/div>\n                            <\/div>\n                                                <\/div>\n                                <div class=\"item-content\">\n                    <div class=\"content-inner\">\n                        <h4 class=\"item-title\"><a href=\"https:\/\/odvjetnik-manola.hr\/en\/areas-of-expertise\/tax-law\/\">Tax law<\/a><\/h4>\n                                                                            <div class=\"item-readmore pxl-button-wrapper\">\n                                <a class=\"btn-more\" href=\"https:\/\/odvjetnik-manola.hr\/en\/areas-of-expertise\/tax-law\/\">\n                                    <span>SAZNAJTE VI\u0160E<\/span>\n                                    <i class=\"zmdi zmdi-long-arrow-right\"><\/i>\n                                <\/a>\n                            <\/div>\n                                            <\/div>\n                <\/div>\n            <\/div>\n        <\/div>\n        <\/div>\r\n    \r\n\r\n        <\/div>\t\t\t\t<\/div>\n\t\t\t\t<\/div>\n\t\t                    <\/div>\r\n        <\/div>\r\n        \t\t\t<\/div>\n\t\t<\/section>\n\t\t\t\t<\/div>\n\t\t","protected":false},"excerpt":{"rendered":"<p>Law Office Manola Marin Manola law firm is Croatia based law firm. From the firm\u2019s office in Buzet and Rijeka, our office serves a diverse client base with respect to matters involving domestic and international issues. Marin Manola law firm is Croatia based law firm. From the firm\u2019s office in Buzet and Rijeka, our office [&hellip;]<\/p>\n","protected":false},"author":2,"featured_media":0,"parent":0,"menu_order":0,"comment_status":"closed","ping_status":"closed","template":"","meta":{"_seopress_robots_primary_cat":"","_seopress_titles_title":"%%post_title%% %%sep%% %%sitetitle%%","_seopress_titles_desc":"Marin Manola graduated from the Faculty of Law at the University of Rijeka in 2002. He was admitted to the register of lawyers of the Croatian Bar Association in 2012.","_seopress_robots_index":"","footnotes":""},"class_list":["post-11436","page","type-page","status-publish"],"_links":{"self":[{"href":"https:\/\/odvjetnik-manola.hr\/en\/wp-json\/wp\/v2\/pages\/11436","targetHints":{"allow":["GET"]}}],"collection":[{"href":"https:\/\/odvjetnik-manola.hr\/en\/wp-json\/wp\/v2\/pages"}],"about":[{"href":"https:\/\/odvjetnik-manola.hr\/en\/wp-json\/wp\/v2\/types\/page"}],"author":[{"embeddable":true,"href":"https:\/\/odvjetnik-manola.hr\/en\/wp-json\/wp\/v2\/users\/2"}],"replies":[{"embeddable":true,"href":"https:\/\/odvjetnik-manola.hr\/en\/wp-json\/wp\/v2\/comments?post=11436"}],"version-history":[{"count":0,"href":"https:\/\/odvjetnik-manola.hr\/en\/wp-json\/wp\/v2\/pages\/11436\/revisions"}],"wp:attachment":[{"href":"https:\/\/odvjetnik-manola.hr\/en\/wp-json\/wp\/v2\/media?parent=11436"}],"curies":[{"name":"wp","href":"https:\/\/api.w.org\/{rel}","templated":true}]}}